{"id":104,"date":"2023-04-23T16:11:50","date_gmt":"2023-04-23T15:11:50","guid":{"rendered":"https:\/\/bikenerds.dk\/?page_id=104"},"modified":"2023-05-25T11:07:28","modified_gmt":"2023-05-25T10:07:28","slug":"chikaner-er-en-plage","status":"publish","type":"page","link":"https:\/\/bikenerds.dk\/?page_id=104","title":{"rendered":"Chikaner er en plage&#8230;"},"content":{"rendered":"\n<p>&#8230;is\u00e6r, n\u00e5r de er konstrueret og monteret forkert. Stort set ingen af de chikaner, vi m\u00f8der i omegnen omkring Hadsund, er konstrueret efter trafikstyrelsens anbefalinger. P\u00e5 tegningen nedenfor kan I se en skitse af en chikane set fra oven. Afstanden b burde v\u00e6re 180 cm i f\u00f8lge vejledningen, men ingen af vores chikaner overholder det m\u00e5l.<\/p>\n\n\n\n<figure class=\"wp-block-image size-large is-resized\"><img loading=\"lazy\" decoding=\"async\" src=\"https:\/\/bikenerds.dk\/wp-content\/uploads\/2023\/04\/CyklensVejGennemChikane-1024x690.jpg\" alt=\"\" class=\"wp-image-109\" width=\"442\" height=\"304\"\/><\/figure>\n\n\n\n<h4 class=\"wp-block-heading\">Eksempler p\u00e5 chikaner, der chikanerer cyklisterne<\/h4>\n\n\n\n<figure class=\"wp-block-image size-large is-resized\"><img loading=\"lazy\" decoding=\"async\" src=\"https:\/\/bikenerds.dk\/wp-content\/uploads\/2023\/04\/EksempleChikaner-1024x728.jpg\" alt=\"\" class=\"wp-image-117\" width=\"659\" height=\"520\"\/><\/figure>\n","protected":false},"excerpt":{"rendered":"<p>&#8230;is\u00e6r, n\u00e5r de er konstrueret og monteret forkert. Stort set ingen af de chikaner, vi m\u00f8der i omegnen omkring Hadsund, er konstrueret efter trafikstyrelsens anbefalinger. P\u00e5 tegningen nedenfor kan I se en skitse af en chikane set fra oven. Afstanden <span class=\"excerpt-dots\">&hellip;<\/span> <a class=\"more-link\" href=\"https:\/\/bikenerds.dk\/?page_id=104\"><span class=\"more-msg\">L\u00e6s resten &rarr;<\/span><\/a><\/p>\n","protected":false},"author":1,"featured_media":0,"parent":0,"menu_order":0,"comment_status":"closed","ping_status":"closed","template":"","meta":{"_view_id":"","footnotes":""},"class_list":["post-104","page","type-page","status-publish","hentry"],"_links":{"self":[{"href":"https:\/\/bikenerds.dk\/index.php?rest_route=\/wp\/v2\/pages\/104","targetHints":{"allow":["GET"]}}],"collection":[{"href":"https:\/\/bikenerds.dk\/index.php?rest_route=\/wp\/v2\/pages"}],"about":[{"href":"https:\/\/bikenerds.dk\/index.php?rest_route=\/wp\/v2\/types\/page"}],"author":[{"embeddable":true,"href":"https:\/\/bikenerds.dk\/index.php?rest_route=\/wp\/v2\/users\/1"}],"replies":[{"embeddable":true,"href":"https:\/\/bikenerds.dk\/index.php?rest_route=%2Fwp%2Fv2%2Fcomments&post=104"}],"version-history":[{"count":7,"href":"https:\/\/bikenerds.dk\/index.php?rest_route=\/wp\/v2\/pages\/104\/revisions"}],"predecessor-version":[{"id":161,"href":"https:\/\/bikenerds.dk\/index.php?rest_route=\/wp\/v2\/pages\/104\/revisions\/161"}],"wp:attachment":[{"href":"https:\/\/bikenerds.dk\/index.php?rest_route=%2Fwp%2Fv2%2Fmedia&parent=104"}],"curies":[{"name":"wp","href":"https:\/\/api.w.org\/{rel}","templated":true}]}}