{"id":7,"date":"2023-03-10T10:11:23","date_gmt":"2023-03-10T10:11:23","guid":{"rendered":"https:\/\/bikenerds.dk\/?page_id=7"},"modified":"2026-04-30T10:12:49","modified_gmt":"2026-04-30T09:12:49","slug":"cykelnoerder-hadsund","status":"publish","type":"page","link":"https:\/\/bikenerds.dk\/","title":{"rendered":"Velkommen til Hadsund Cykeln\u00f8rders hjemmeside"},"content":{"rendered":"\n<p><\/p>\n\n\n\n<h3 class=\"wp-block-heading\"><span style=\"color: #ff00ff;\">Opdateret torsdag d. 30<strong>. april 2026<\/strong> kl. 10:30 af Thor<\/span><\/h3>\n\n\n\n<p style=\"font-style:normal;font-weight:400\">Cykeln\u00f8rderne i Hadsund m\u00f8des hver onsdag formiddag inden kl. 9:00 ud for rutebilstationen p\u00e5 Jernbanegade. Pr\u00e6cis kl. 9:00 fort\u00e6ller vores turleder Willy hvilken rute, vi skal f\u00f8lge denne gang og fl\u00f8jter s\u00e5 til afgang. Vi er normalt tilbage ved halv tolv tiden.&nbsp;<\/p>\n\n\n\n<h2 class=\"wp-block-heading\">Invitation fra Mariagerfjord Kommune<\/h2>\n\n\n\n<p>Vi har f\u00e5et en invitation til at deltage i Fjorden Rundt d. 9. maj. Vi m\u00f8des ud for F\u00e6rgekroen kl. 9:30 og f\u00e5r udleveret et armb\u00e5nd. Der vil v\u00e6re uddeling af drikkevarer i Hadsund, Vive, Oue, Valsgaard, Hobro, Skjellerup, Mariager og Assens. Klik <strong><a href=\"https:\/\/bikenerds.dk\/wp-content\/uploads\/2026\/04\/Invitation-til-cykelevent.pdf\">HER<\/a> <\/strong>for at se invitationen.<\/p>\n\n\n\n<h4 class=\"wp-block-heading\">Medlemmer<\/h4>\n\n\n\n<p>Vores medlemsliste er opdateret&nbsp;<span style=\"color: #000000;\">torsdag d. 30. april 2026.<\/span><\/p>\n\n\n\n<p>Foroven i den gr\u00f8nne bj\u00e6lke er der et link til oversigten over de 38 cykeln\u00f8rder. Dette link er beskyttet af en <strong>adgangskode<\/strong>, som er blevet rundsendt til jer p\u00e5 e-mail. For at komme tilbage til siden her, skal I klikke p\u00e5 menuen <strong>Forside <\/strong>&#8211; ogs\u00e5 i den gr\u00f8nne bj\u00e6lke. Klik p\u00e5 &#8220;De 38 cykeln\u00f8rder i Hadsund&#8221;. Hvis du har glemt koden, s\u00e5 skriv eller ring til formanden: <span style=\"color: #0000ff;\">thor.jensen@outlook.dk (eller mob. 30 17 93 42)<\/span><\/p>\n\n\n\n<p><\/p>\n\n\n\n<h3 class=\"wp-block-heading\">Chikaner<\/h3>\n\n\n\n<p>Se, hvorfor cykelchikanerne chikanerer cyklisterne. Klik p\u00e5 menuen foroven til h\u00f8jre.<\/p>\n\n\n\n<h3 class=\"wp-block-heading\">Mvh Thor<\/h3>\n\n\n\n<div class=\"wp-block-buttons is-layout-flex wp-block-buttons-is-layout-flex\">\n<div class=\"wp-block-button\"><a class=\"wp-block-button__link wp-element-button\" href=\"\/wp-login.php?redirect_to=\/wp-admin\/\">Login<\/a><\/div>\n<\/div>\n\n\n\n<p>&nbsp;<\/p>\n\n\n\n<p>&nbsp;<\/p>\n\n\n\n<p><\/p>\n","protected":false},"excerpt":{"rendered":"<p>Opdateret torsdag d. 30. april 2026 kl. 10:30 af Thor Cykeln\u00f8rderne i Hadsund m\u00f8des hver onsdag formiddag inden kl. 9:00 ud for rutebilstationen p\u00e5 Jernbanegade. Pr\u00e6cis kl. 9:00 fort\u00e6ller vores turleder Willy hvilken rute, vi skal f\u00f8lge denne gang og <span class=\"excerpt-dots\">&hellip;<\/span> <a class=\"more-link\" href=\"https:\/\/bikenerds.dk\/\"><span class=\"more-msg\">L\u00e6s resten &rarr;<\/span><\/a><\/p>\n","protected":false},"author":1,"featured_media":0,"parent":0,"menu_order":0,"comment_status":"closed","ping_status":"closed","template":"","meta":{"_view_id":"","footnotes":""},"class_list":["post-7","page","type-page","status-publish","hentry"],"_links":{"self":[{"href":"https:\/\/bikenerds.dk\/index.php?rest_route=\/wp\/v2\/pages\/7","targetHints":{"allow":["GET"]}}],"collection":[{"href":"https:\/\/bikenerds.dk\/index.php?rest_route=\/wp\/v2\/pages"}],"about":[{"href":"https:\/\/bikenerds.dk\/index.php?rest_route=\/wp\/v2\/types\/page"}],"author":[{"embeddable":true,"href":"https:\/\/bikenerds.dk\/index.php?rest_route=\/wp\/v2\/users\/1"}],"replies":[{"embeddable":true,"href":"https:\/\/bikenerds.dk\/index.php?rest_route=%2Fwp%2Fv2%2Fcomments&post=7"}],"version-history":[{"count":209,"href":"https:\/\/bikenerds.dk\/index.php?rest_route=\/wp\/v2\/pages\/7\/revisions"}],"predecessor-version":[{"id":749,"href":"https:\/\/bikenerds.dk\/index.php?rest_route=\/wp\/v2\/pages\/7\/revisions\/749"}],"wp:attachment":[{"href":"https:\/\/bikenerds.dk\/index.php?rest_route=%2Fwp%2Fv2%2Fmedia&parent=7"}],"curies":[{"name":"wp","href":"https:\/\/api.w.org\/{rel}","templated":true}]}}